{"id":189,"date":"2024-04-13T10:59:43","date_gmt":"2024-04-13T10:59:43","guid":{"rendered":"https:\/\/mascotas.academia21brillos.com\/?page_id=189"},"modified":"2026-02-09T23:27:09","modified_gmt":"2026-02-09T23:27:09","slug":"mentoria","status":"publish","type":"page","link":"https:\/\/mascotas.academia21brillos.com\/index.php\/mentoria\/","title":{"rendered":"MENTOR\u00cdA"},"content":{"rendered":"\t\t<div data-elementor-type=\"wp-page\" data-elementor-id=\"189\" class=\"elementor elementor-189\" data-elementor-post-type=\"page\">\n\t\t\t\t\t\t<section class=\"elementor-section elementor-top-section elementor-element elementor-element-c5f9ac7 elementor-section-boxed elementor-section-height-default elementor-section-height-default\" data-id=\"c5f9ac7\" data-element_type=\"section\" data-e-type=\"section\">\n\t\t\t\t\t\t<div class=\"elementor-container elementor-column-gap-default\">\n\t\t\t\t\t<div class=\"elementor-column elementor-col-100 elementor-top-column elementor-element elementor-element-f445263\" data-id=\"f445263\" data-element_type=\"column\" data-e-type=\"column\">\n\t\t\t<div class=\"elementor-widget-wrap elementor-element-populated\">\n\t\t\t\t\t\t<div class=\"elementor-element elementor-element-ab3d663 elementor-widget elementor-widget-text-editor\" data-id=\"ab3d663\" data-element_type=\"widget\" data-e-type=\"widget\" data-widget_type=\"text-editor.default\">\n\t\t\t\t<div class=\"elementor-widget-container\">\n\t\t\t\t\t\t\t\t\t<h3><strong>\u00bfNecesitas ayuda personalizada para mejorar la relaci\u00f3n con tu mascota o comprender y mejorar su comportamiento?<\/strong><\/h3><p>Si buscas un acompa\u00f1amiento individual y m\u00e1s profundo para tu mascota y tu familia, puedes reservar las mentor\u00eda personalizadas.\u00a0 Dise\u00f1ada para abordar de manera integral las necesidades de tu compa\u00f1ero animal y las din\u00e1micas en el hogar.<\/p><p>Pudiendo elegir entre 1 mes y 3 meses.<\/p>\t\t\t\t\t\t\t\t<\/div>\n\t\t\t\t<\/div>\n\t\t\t\t\t<\/div>\n\t\t<\/div>\n\t\t\t\t\t<\/div>\n\t\t<\/section>\n\t\t\t\t<section class=\"elementor-section elementor-top-section elementor-element elementor-element-8ef5f3e elementor-section-boxed elementor-section-height-default elementor-section-height-default\" data-id=\"8ef5f3e\" data-element_type=\"section\" data-e-type=\"section\">\n\t\t\t\t\t\t<div class=\"elementor-container elementor-column-gap-default\">\n\t\t\t\t\t<div class=\"elementor-column elementor-col-50 elementor-top-column elementor-element elementor-element-0cf5a9e\" data-id=\"0cf5a9e\" data-element_type=\"column\" data-e-type=\"column\">\n\t\t\t<div class=\"elementor-widget-wrap elementor-element-populated\">\n\t\t\t\t\t\t<div class=\"elementor-element elementor-element-8cca1cc elementor-widget elementor-widget-text-editor\" data-id=\"8cca1cc\" data-element_type=\"widget\" data-e-type=\"widget\" data-widget_type=\"text-editor.default\">\n\t\t\t\t<div class=\"elementor-widget-container\">\n\t\t\t\t\t\t\t\t\t<h3><strong>\u00bfCon qui\u00e9n ser\u00e1 la mentor\u00eda?<\/strong><\/h3><p>Las mentor\u00edas son directamente con <strong>Paqui Iccha<\/strong>.\u00a0 \u00a0Te ayudar\u00e9 a encontrar soluciones pr\u00e1cticas y aplicables, ya sea a nivel energ\u00e9tico, de comportamiento o para resolver cualquier duda sobre los tratamientos que ofrecemos.<\/p>\t\t\t\t\t\t\t\t<\/div>\n\t\t\t\t<\/div>\n\t\t\t\t<div class=\"elementor-element elementor-element-edbc9d5 elementor-widget elementor-widget-text-editor\" data-id=\"edbc9d5\" data-element_type=\"widget\" data-e-type=\"widget\" data-widget_type=\"text-editor.default\">\n\t\t\t\t<div class=\"elementor-widget-container\">\n\t\t\t\t\t\t\t\t\t<h3>\u00bfQu\u00e9 podemos hacer en la mentor\u00eda?<\/h3><ul><li><strong>Analizar y equilibrar el comportamiento de tu mascota<\/strong> mediante t\u00e9cnicas hol\u00edsticas.<\/li><li><strong>Crear un plan de bienestar natural<\/strong> a medida, utilizando terapias como aromaterapia, gemoterapia o flores de Bach.<\/li><li><strong>Desarrollar estrategias para mejorar la convivencia y la armon\u00eda familiar.<\/strong><\/li><li><strong>Resolver inquietudes<\/strong> relacionadas con el bienestar integral de tu mascota y el entorno en casa.<\/li><li><strong>Profundizar en tratamientos energ\u00e9ticos<\/strong> espec\u00edficos que desees aplicar.<\/li><\/ul><p>Si tienes objetivos m\u00e1s espec\u00edficos, como aprender a implementar t\u00e9cnicas concretas te guiar\u00e9 sobre los siguientes pasos.<\/p>\t\t\t\t\t\t\t\t<\/div>\n\t\t\t\t<\/div>\n\t\t\t\t\t<\/div>\n\t\t<\/div>\n\t\t\t\t<div class=\"elementor-column elementor-col-50 elementor-top-column elementor-element elementor-element-2de6570\" data-id=\"2de6570\" data-element_type=\"column\" data-e-type=\"column\">\n\t\t\t<div class=\"elementor-widget-wrap elementor-element-populated\">\n\t\t\t\t\t\t<div class=\"elementor-element elementor-element-76631bd elementor-widget elementor-widget-image\" data-id=\"76631bd\" data-element_type=\"widget\" data-e-type=\"widget\" data-widget_type=\"image.default\">\n\t\t\t\t<div class=\"elementor-widget-container\">\n\t\t\t\t\t\t\t\t\t\t\t\t\t\t\t<img fetchpriority=\"high\" decoding=\"async\" width=\"800\" height=\"800\" src=\"https:\/\/mascotas.academia21brillos.com\/wp-content\/uploads\/2024\/10\/foto-zoom-1024x1024.jpg\" class=\"attachment-large size-large wp-image-627\" alt=\"mascotas felices\" srcset=\"https:\/\/mascotas.academia21brillos.com\/wp-content\/uploads\/2024\/10\/foto-zoom-1024x1024.jpg 1024w, https:\/\/mascotas.academia21brillos.com\/wp-content\/uploads\/2024\/10\/foto-zoom-300x300.jpg 300w, https:\/\/mascotas.academia21brillos.com\/wp-content\/uploads\/2024\/10\/foto-zoom-150x150.jpg 150w, https:\/\/mascotas.academia21brillos.com\/wp-content\/uploads\/2024\/10\/foto-zoom-768x768.jpg 768w, https:\/\/mascotas.academia21brillos.com\/wp-content\/uploads\/2024\/10\/foto-zoom.jpg 1496w\" sizes=\"(max-width: 800px) 100vw, 800px\" \/>\t\t\t\t\t\t\t\t\t\t\t\t\t\t\t<\/div>\n\t\t\t\t<\/div>\n\t\t\t\t<div class=\"elementor-element elementor-element-4893d52 elementor-align-center elementor-button-info elementor-widget elementor-widget-button\" data-id=\"4893d52\" data-element_type=\"widget\" data-e-type=\"widget\" data-widget_type=\"button.default\">\n\t\t\t\t<div class=\"elementor-widget-container\">\n\t\t\t\t\t\t\t\t\t<div class=\"elementor-button-wrapper\">\n\t\t\t\t\t<a class=\"elementor-button elementor-button-link elementor-size-sm\" href=\"https:\/\/mascotas.academia21brillos.com\/index.php\/contacto\/\">\n\t\t\t\t\t\t<span class=\"elementor-button-content-wrapper\">\n\t\t\t\t\t\t\t\t\t<span class=\"elementor-button-text\">AGENDA UNA CONSULTA<\/span>\n\t\t\t\t\t<\/span>\n\t\t\t\t\t<\/a>\n\t\t\t\t<\/div>\n\t\t\t\t\t\t\t\t<\/div>\n\t\t\t\t<\/div>\n\t\t\t\t<div class=\"elementor-element elementor-element-668294e elementor-widget elementor-widget-text-editor\" data-id=\"668294e\" data-element_type=\"widget\" data-e-type=\"widget\" data-widget_type=\"text-editor.default\">\n\t\t\t\t<div class=\"elementor-widget-container\">\n\t\t\t\t\t\t\t\t\t<h3 style=\"text-align: center;\"><strong>Ponte en contacto con la Academia<\/strong><\/h3><p style=\"text-align: center;\">para coordinar agendas y concretar el d\u00eda y la hora.<\/p><p>\u00a0<\/p><p style=\"text-align: center;\">Para los alumnos de la academia tienen<\/p><p style=\"text-align: center;\"><strong> un 20% de descuento<\/strong><\/p><p style=\"text-align: center;\">\u00a0enlace de la mentor\u00eda con descuento dentro de la academia.<\/p>\t\t\t\t\t\t\t\t<\/div>\n\t\t\t\t<\/div>\n\t\t\t\t\t<\/div>\n\t\t<\/div>\n\t\t\t\t\t<\/div>\n\t\t<\/section>\n\t\t\t\t<\/div>\n\t\t","protected":false},"excerpt":{"rendered":"<p>\u00bfNecesitas ayuda personalizada para mejorar la relaci\u00f3n con tu mascota o comprender y mejorar su comportamiento? Si buscas un acompa\u00f1amiento individual y m\u00e1s profundo para tu mascota y tu familia, puedes reservar las mentor\u00eda personalizadas.\u00a0 Dise\u00f1ada para abordar de manera integral las necesidades de tu compa\u00f1ero animal y las din\u00e1micas en el hogar. Pudiendo elegir [&hellip;]<\/p>\n","protected":false},"author":1,"featured_media":0,"parent":0,"menu_order":0,"comment_status":"closed","ping_status":"closed","template":"","meta":{"pmpro_default_level":"","footnotes":""},"class_list":["post-189","page","type-page","status-publish","hentry","pmpro-has-access"],"yoast_head":"<!-- This site is optimized with the Yoast SEO plugin v26.9 - https:\/\/yoast.com\/product\/yoast-seo-wordpress\/ -->\n<title>MENTOR\u00cdA - Mascotas felices<\/title>\n<meta name=\"robots\" content=\"index, follow, max-snippet:-1, max-image-preview:large, max-video-preview:-1\" \/>\n<link rel=\"canonical\" href=\"https:\/\/mascotas.academia21brillos.com\/index.php\/mentoria\/\" \/>\n<meta property=\"og:locale\" content=\"es_ES\" \/>\n<meta property=\"og:type\" content=\"article\" \/>\n<meta property=\"og:title\" content=\"MENTOR\u00cdA - Mascotas felices\" \/>\n<meta property=\"og:description\" content=\"\u00bfNecesitas ayuda personalizada para mejorar la relaci\u00f3n con tu mascota o comprender y mejorar su comportamiento? Si buscas un acompa\u00f1amiento individual y m\u00e1s profundo para tu mascota y tu familia, puedes reservar las mentor\u00eda personalizadas.\u00a0 Dise\u00f1ada para abordar de manera integral las necesidades de tu compa\u00f1ero animal y las din\u00e1micas en el hogar. Pudiendo elegir [&hellip;]\" \/>\n<meta property=\"og:url\" content=\"https:\/\/mascotas.academia21brillos.com\/index.php\/mentoria\/\" \/>\n<meta property=\"og:site_name\" content=\"Mascotas felices\" \/>\n<meta property=\"article:modified_time\" content=\"2026-02-09T23:27:09+00:00\" \/>\n<meta property=\"og:image\" content=\"https:\/\/mascotas.academia21brillos.com\/wp-content\/uploads\/2024\/10\/foto-zoom.jpg\" \/>\n\t<meta property=\"og:image:width\" content=\"1496\" \/>\n\t<meta property=\"og:image:height\" content=\"1496\" \/>\n\t<meta property=\"og:image:type\" content=\"image\/jpeg\" \/>\n<meta name=\"twitter:card\" content=\"summary_large_image\" \/>\n<meta name=\"twitter:label1\" content=\"Tiempo de lectura\" \/>\n\t<meta name=\"twitter:data1\" content=\"2 minutos\" \/>\n<script type=\"application\/ld+json\" class=\"yoast-schema-graph\">{\"@context\":\"https:\/\/schema.org\",\"@graph\":[{\"@type\":\"WebPage\",\"@id\":\"https:\/\/mascotas.academia21brillos.com\/index.php\/mentoria\/\",\"url\":\"https:\/\/mascotas.academia21brillos.com\/index.php\/mentoria\/\",\"name\":\"MENTOR\u00cdA - Mascotas felices\",\"isPartOf\":{\"@id\":\"https:\/\/mascotas.academia21brillos.com\/#website\"},\"primaryImageOfPage\":{\"@id\":\"https:\/\/mascotas.academia21brillos.com\/index.php\/mentoria\/#primaryimage\"},\"image\":{\"@id\":\"https:\/\/mascotas.academia21brillos.com\/index.php\/mentoria\/#primaryimage\"},\"thumbnailUrl\":\"https:\/\/mascotas.academia21brillos.com\/wp-content\/uploads\/2024\/10\/foto-zoom-1024x1024.jpg\",\"datePublished\":\"2024-04-13T10:59:43+00:00\",\"dateModified\":\"2026-02-09T23:27:09+00:00\",\"breadcrumb\":{\"@id\":\"https:\/\/mascotas.academia21brillos.com\/index.php\/mentoria\/#breadcrumb\"},\"inLanguage\":\"es\",\"potentialAction\":[{\"@type\":\"ReadAction\",\"target\":[\"https:\/\/mascotas.academia21brillos.com\/index.php\/mentoria\/\"]}]},{\"@type\":\"ImageObject\",\"inLanguage\":\"es\",\"@id\":\"https:\/\/mascotas.academia21brillos.com\/index.php\/mentoria\/#primaryimage\",\"url\":\"https:\/\/mascotas.academia21brillos.com\/wp-content\/uploads\/2024\/10\/foto-zoom.jpg\",\"contentUrl\":\"https:\/\/mascotas.academia21brillos.com\/wp-content\/uploads\/2024\/10\/foto-zoom.jpg\",\"width\":1496,\"height\":1496,\"caption\":\"mascotas felices\"},{\"@type\":\"BreadcrumbList\",\"@id\":\"https:\/\/mascotas.academia21brillos.com\/index.php\/mentoria\/#breadcrumb\",\"itemListElement\":[{\"@type\":\"ListItem\",\"position\":1,\"name\":\"Portada\",\"item\":\"https:\/\/mascotas.academia21brillos.com\/\"},{\"@type\":\"ListItem\",\"position\":2,\"name\":\"MENTOR\u00cdA\"}]},{\"@type\":\"WebSite\",\"@id\":\"https:\/\/mascotas.academia21brillos.com\/#website\",\"url\":\"https:\/\/mascotas.academia21brillos.com\/\",\"name\":\"Mascotas felices\",\"description\":\"Tu perlud@ en buenas manos\",\"potentialAction\":[{\"@type\":\"SearchAction\",\"target\":{\"@type\":\"EntryPoint\",\"urlTemplate\":\"https:\/\/mascotas.academia21brillos.com\/?s={search_term_string}\"},\"query-input\":{\"@type\":\"PropertyValueSpecification\",\"valueRequired\":true,\"valueName\":\"search_term_string\"}}],\"inLanguage\":\"es\"}]}<\/script>\n<!-- \/ Yoast SEO plugin. -->","yoast_head_json":{"title":"MENTOR\u00cdA - Mascotas felices","robots":{"index":"index","follow":"follow","max-snippet":"max-snippet:-1","max-image-preview":"max-image-preview:large","max-video-preview":"max-video-preview:-1"},"canonical":"https:\/\/mascotas.academia21brillos.com\/index.php\/mentoria\/","og_locale":"es_ES","og_type":"article","og_title":"MENTOR\u00cdA - Mascotas felices","og_description":"\u00bfNecesitas ayuda personalizada para mejorar la relaci\u00f3n con tu mascota o comprender y mejorar su comportamiento? Si buscas un acompa\u00f1amiento individual y m\u00e1s profundo para tu mascota y tu familia, puedes reservar las mentor\u00eda personalizadas.\u00a0 Dise\u00f1ada para abordar de manera integral las necesidades de tu compa\u00f1ero animal y las din\u00e1micas en el hogar. Pudiendo elegir [&hellip;]","og_url":"https:\/\/mascotas.academia21brillos.com\/index.php\/mentoria\/","og_site_name":"Mascotas felices","article_modified_time":"2026-02-09T23:27:09+00:00","og_image":[{"width":1496,"height":1496,"url":"https:\/\/mascotas.academia21brillos.com\/wp-content\/uploads\/2024\/10\/foto-zoom.jpg","type":"image\/jpeg"}],"twitter_card":"summary_large_image","twitter_misc":{"Tiempo de lectura":"2 minutos"},"schema":{"@context":"https:\/\/schema.org","@graph":[{"@type":"WebPage","@id":"https:\/\/mascotas.academia21brillos.com\/index.php\/mentoria\/","url":"https:\/\/mascotas.academia21brillos.com\/index.php\/mentoria\/","name":"MENTOR\u00cdA - Mascotas felices","isPartOf":{"@id":"https:\/\/mascotas.academia21brillos.com\/#website"},"primaryImageOfPage":{"@id":"https:\/\/mascotas.academia21brillos.com\/index.php\/mentoria\/#primaryimage"},"image":{"@id":"https:\/\/mascotas.academia21brillos.com\/index.php\/mentoria\/#primaryimage"},"thumbnailUrl":"https:\/\/mascotas.academia21brillos.com\/wp-content\/uploads\/2024\/10\/foto-zoom-1024x1024.jpg","datePublished":"2024-04-13T10:59:43+00:00","dateModified":"2026-02-09T23:27:09+00:00","breadcrumb":{"@id":"https:\/\/mascotas.academia21brillos.com\/index.php\/mentoria\/#breadcrumb"},"inLanguage":"es","potentialAction":[{"@type":"ReadAction","target":["https:\/\/mascotas.academia21brillos.com\/index.php\/mentoria\/"]}]},{"@type":"ImageObject","inLanguage":"es","@id":"https:\/\/mascotas.academia21brillos.com\/index.php\/mentoria\/#primaryimage","url":"https:\/\/mascotas.academia21brillos.com\/wp-content\/uploads\/2024\/10\/foto-zoom.jpg","contentUrl":"https:\/\/mascotas.academia21brillos.com\/wp-content\/uploads\/2024\/10\/foto-zoom.jpg","width":1496,"height":1496,"caption":"mascotas felices"},{"@type":"BreadcrumbList","@id":"https:\/\/mascotas.academia21brillos.com\/index.php\/mentoria\/#breadcrumb","itemListElement":[{"@type":"ListItem","position":1,"name":"Portada","item":"https:\/\/mascotas.academia21brillos.com\/"},{"@type":"ListItem","position":2,"name":"MENTOR\u00cdA"}]},{"@type":"WebSite","@id":"https:\/\/mascotas.academia21brillos.com\/#website","url":"https:\/\/mascotas.academia21brillos.com\/","name":"Mascotas felices","description":"Tu perlud@ en buenas manos","potentialAction":[{"@type":"SearchAction","target":{"@type":"EntryPoint","urlTemplate":"https:\/\/mascotas.academia21brillos.com\/?s={search_term_string}"},"query-input":{"@type":"PropertyValueSpecification","valueRequired":true,"valueName":"search_term_string"}}],"inLanguage":"es"}]}},"_links":{"self":[{"href":"https:\/\/mascotas.academia21brillos.com\/index.php\/wp-json\/wp\/v2\/pages\/189","targetHints":{"allow":["GET"]}}],"collection":[{"href":"https:\/\/mascotas.academia21brillos.com\/index.php\/wp-json\/wp\/v2\/pages"}],"about":[{"href":"https:\/\/mascotas.academia21brillos.com\/index.php\/wp-json\/wp\/v2\/types\/page"}],"author":[{"embeddable":true,"href":"https:\/\/mascotas.academia21brillos.com\/index.php\/wp-json\/wp\/v2\/users\/1"}],"replies":[{"embeddable":true,"href":"https:\/\/mascotas.academia21brillos.com\/index.php\/wp-json\/wp\/v2\/comments?post=189"}],"version-history":[{"count":68,"href":"https:\/\/mascotas.academia21brillos.com\/index.php\/wp-json\/wp\/v2\/pages\/189\/revisions"}],"predecessor-version":[{"id":809,"href":"https:\/\/mascotas.academia21brillos.com\/index.php\/wp-json\/wp\/v2\/pages\/189\/revisions\/809"}],"wp:attachment":[{"href":"https:\/\/mascotas.academia21brillos.com\/index.php\/wp-json\/wp\/v2\/media?parent=189"}],"curies":[{"name":"wp","href":"https:\/\/api.w.org\/{rel}","templated":true}]}}